{"id":1962,"date":"2025-04-10T12:46:09","date_gmt":"2025-04-10T12:46:09","guid":{"rendered":"https:\/\/eole.es\/?page_id=1962"},"modified":"2025-04-22T12:19:07","modified_gmt":"2025-04-22T12:19:07","slug":"flood-wall-aquafence","status":"publish","type":"page","link":"https:\/\/eole.es\/en\/flood-wall-aquafence\/","title":{"rendered":"Flood Wall"},"content":{"rendered":"<div class=\"fusion-fullwidth fullwidth-box fusion-builder-row-1 fusion-flex-container has-pattern-background has-mask-background nonhundred-percent-fullwidth non-hundred-percent-height-scrolling\" style=\"--awb-border-radius-top-left:0px;--awb-border-radius-top-right:0px;--awb-border-radius-bottom-right:0px;--awb-border-radius-bottom-left:0px;--awb-padding-top:60px;--awb-padding-right:60px;--awb-padding-bottom:20px;--awb-padding-left:60px;--awb-padding-top-small:20px;--awb-padding-right-small:0px;--awb-padding-bottom-small:20px;--awb-padding-left-small:0px;--awb-flex-wrap:wrap;\" ><div class=\"fusion-builder-row fusion-row fusion-flex-align-items-flex-start fusion-flex-content-wrap\" style=\"max-width:1248px;margin-left: calc(-4% \/ 2 );margin-right: calc(-4% \/ 2 );\"><div class=\"fusion-layout-column fusion_builder_column fusion-builder-column-0 fusion_builder_column_1_2 1_2 fusion-flex-column\" style=\"--awb-bg-size:cover;--awb-width-large:50%;--awb-margin-top-large:0px;--awb-spacing-right-large:3.84%;--awb-margin-bottom-large:20px;--awb-spacing-left-large:3.84%;--awb-width-medium:50%;--awb-order-medium:0;--awb-spacing-right-medium:3.84%;--awb-spacing-left-medium:3.84%;--awb-width-small:100%;--awb-order-small:0;--awb-spacing-right-small:1.92%;--awb-spacing-left-small:1.92%;\"><div class=\"fusion-column-wrapper fusion-column-has-shadow fusion-flex-justify-content-flex-start fusion-content-layout-column\"><div class=\"fusion-title title fusion-title-1 fusion-sep-none fusion-title-text fusion-title-size-three\" style=\"--awb-text-color:var(--awb-color3);--awb-font-size:clamp(24px, 2.5vw, 42px);\"><h3 class=\"fusion-title-heading title-heading-left\" style=\"font-family:var(--awb-typography4-font-family);font-weight:var(--awb-typography4-font-weight);font-style:var(--awb-typography4-font-style);margin:0;font-size:1em;letter-spacing:var(--awb-typography4-letter-spacing);text-transform:var(--awb-typography4-text-transform);line-height:var(--awb-typography4-line-height);\">Aquafence FloodWall<\/h3><\/div><div class=\"fusion-title title fusion-title-2 fusion-sep-none fusion-title-text fusion-title-size-three\" style=\"--awb-text-color:var(--awb-color8);--awb-margin-top:0px;--awb-font-size:clamp(19px, 1.7vw, 24px);\"><h3 class=\"fusion-title-heading title-heading-left\" style=\"font-family:var(--awb-custom_typography_2-font-family);font-weight:var(--awb-custom_typography_2-font-weight);font-style:var(--awb-custom_typography_2-font-style);margin:0;font-size:1em;letter-spacing:var(--awb-custom_typography_2-letter-spacing);text-transform:var(--awb-custom_typography_2-text-transform);line-height:var(--awb-custom_typography_2-line-height);\">Effective flood protection<\/h3><\/div><\/div><\/div><div class=\"fusion-layout-column fusion_builder_column fusion-builder-column-1 fusion_builder_column_1_2 1_2 fusion-flex-column\" style=\"--awb-bg-size:cover;--awb-width-large:50%;--awb-margin-top-large:20px;--awb-spacing-right-large:3.84%;--awb-margin-bottom-large:20px;--awb-spacing-left-large:3.84%;--awb-width-medium:50%;--awb-order-medium:0;--awb-spacing-right-medium:3.84%;--awb-spacing-left-medium:3.84%;--awb-width-small:100%;--awb-order-small:6;--awb-spacing-right-small:1.92%;--awb-spacing-left-small:1.92%;\" data-scroll-devices=\"small-visibility,medium-visibility,large-visibility\"><div class=\"fusion-column-wrapper fusion-column-has-shadow fusion-flex-justify-content-flex-end fusion-content-layout-row fusion-flex-align-items-center fusion-content-nowrap\"><div class=\"fusion-image-element \" style=\"--awb-margin-right:40px;--awb-max-width:190px;--awb-caption-title-font-family:var(--h2_typography-font-family);--awb-caption-title-font-weight:var(--h2_typography-font-weight);--awb-caption-title-font-style:var(--h2_typography-font-style);--awb-caption-title-size:var(--h2_typography-font-size);--awb-caption-title-transform:var(--h2_typography-text-transform);--awb-caption-title-line-height:var(--h2_typography-line-height);--awb-caption-title-letter-spacing:var(--h2_typography-letter-spacing);\"><span class=\" fusion-imageframe imageframe-none imageframe-1 hover-type-none\"><img decoding=\"async\" width=\"500\" height=\"75\" title=\"aquafence_light\" src=\"https:\/\/eole.es\/wp-content\/uploads\/2025\/04\/aquafence_light.png\" alt class=\"img-responsive wp-image-1652\" srcset=\"https:\/\/eole.es\/wp-content\/uploads\/2025\/04\/aquafence_light-200x30.png 200w, https:\/\/eole.es\/wp-content\/uploads\/2025\/04\/aquafence_light-400x60.png 400w, https:\/\/eole.es\/wp-content\/uploads\/2025\/04\/aquafence_light.png 500w\" sizes=\"(max-width: 800px) 100vw, 500px\" \/><\/span><\/div><div class=\"fusion-image-element \" style=\"--awb-max-width:242px;--awb-caption-title-font-family:var(--h2_typography-font-family);--awb-caption-title-font-weight:var(--h2_typography-font-weight);--awb-caption-title-font-style:var(--h2_typography-font-style);--awb-caption-title-size:var(--h2_typography-font-size);--awb-caption-title-transform:var(--h2_typography-text-transform);--awb-caption-title-line-height:var(--h2_typography-line-height);--awb-caption-title-letter-spacing:var(--h2_typography-letter-spacing);\"><span class=\" fusion-imageframe imageframe-none imageframe-2 hover-type-none\"><img decoding=\"async\" width=\"500\" height=\"66\" title=\"FloodWall-white\" src=\"https:\/\/eole.es\/wp-content\/uploads\/2025\/04\/FloodWall-white.png\" alt class=\"img-responsive wp-image-1612\" srcset=\"https:\/\/eole.es\/wp-content\/uploads\/2025\/04\/FloodWall-white-200x26.png 200w, https:\/\/eole.es\/wp-content\/uploads\/2025\/04\/FloodWall-white-400x53.png 400w, https:\/\/eole.es\/wp-content\/uploads\/2025\/04\/FloodWall-white.png 500w\" sizes=\"(max-width: 800px) 100vw, 500px\" \/><\/span><\/div><\/div><\/div><div class=\"fusion-layout-column fusion_builder_column fusion-builder-column-2 fusion_builder_column_1_2 1_2 fusion-flex-column\" style=\"--awb-padding-right:10%;--awb-padding-right-small:0px;--awb-bg-size:cover;--awb-width-large:50%;--awb-margin-top-large:30px;--awb-spacing-right-large:3.84%;--awb-margin-bottom-large:20px;--awb-spacing-left-large:3.84%;--awb-width-medium:50%;--awb-order-medium:0;--awb-spacing-right-medium:3.84%;--awb-spacing-left-medium:3.84%;--awb-width-small:100%;--awb-order-small:0;--awb-spacing-right-small:1.92%;--awb-margin-bottom-small:0;--awb-spacing-left-small:1.92%;\" data-scroll-devices=\"small-visibility,medium-visibility,large-visibility\"><div class=\"fusion-column-wrapper fusion-column-has-shadow fusion-flex-justify-content-flex-start fusion-content-layout-column\"><div class=\"fusion-text fusion-text-1\" style=\"--awb-font-size:var(--awb-custom_typography_3-font-size);--awb-line-height:var(--awb-custom_typography_3-line-height);--awb-letter-spacing:var(--awb-custom_typography_3-letter-spacing);--awb-text-transform:var(--awb-custom_typography_3-text-transform);--awb-text-color:var(--awb-color8);--awb-text-font-family:var(--awb-custom_typography_3-font-family);--awb-text-font-weight:var(--awb-custom_typography_3-font-weight);--awb-text-font-style:var(--awb-custom_typography_3-font-style);\"><p><strong>AquaFence FloodWall<\/strong> is a high performance deployable flood barrier certified by the U.S. Federal Emergency Management Agency, the U.S. Army Corps of Engineers and <strong>ANSI\/FM 2510<\/strong>. Used worldwide to protect commercial, government and industrial infrastructures.<\/p>\n<p><strong>Protecci\u00f3n perimetral:<\/strong> Rodea edificios, instalaciones cr\u00edticas y activos esenciales sin necesidad de contacto directo con la estructura. En la mayor\u00eda de los entornos urbanos, su instalaci\u00f3n no requiere obras previas.<\/p>\n<\/div><\/div><\/div><div class=\"fusion-layout-column fusion_builder_column fusion-builder-column-3 fusion_builder_column_1_2 1_2 fusion-flex-column\" style=\"--awb-padding-right:10%;--awb-padding-right-small:0px;--awb-bg-size:cover;--awb-width-large:50%;--awb-margin-top-large:30px;--awb-spacing-right-large:3.84%;--awb-margin-bottom-large:0px;--awb-spacing-left-large:3.84%;--awb-width-medium:50%;--awb-order-medium:0;--awb-spacing-right-medium:3.84%;--awb-spacing-left-medium:3.84%;--awb-width-small:100%;--awb-order-small:0;--awb-margin-top-small:0;--awb-spacing-right-small:1.92%;--awb-spacing-left-small:1.92%;\" data-scroll-devices=\"small-visibility,medium-visibility,large-visibility\"><div class=\"fusion-column-wrapper fusion-column-has-shadow fusion-flex-justify-content-flex-start fusion-content-layout-column\"><div class=\"fusion-text fusion-text-2\" style=\"--awb-font-size:var(--awb-custom_typography_3-font-size);--awb-line-height:var(--awb-custom_typography_3-line-height);--awb-letter-spacing:var(--awb-custom_typography_3-letter-spacing);--awb-text-transform:var(--awb-custom_typography_3-text-transform);--awb-text-color:var(--awb-color8);--awb-text-font-family:var(--awb-custom_typography_3-font-family);--awb-text-font-weight:var(--awb-custom_typography_3-font-weight);--awb-text-font-style:var(--awb-custom_typography_3-font-style);\"><p><strong>Desv\u00edo de agua:<\/strong> Redirige el flujo de agua para proteger zonas en riesgo, obras en construcci\u00f3n o \u00e1reas de mantenimiento. Tambi\u00e9n ayuda a desviar r\u00edos desbordados y minimizar el impacto en ciudades y regiones.<\/p>\n<p><strong>Protecci\u00f3n a medida:<\/strong> Dise\u00f1ada para cubrir necesidades espec\u00edficas, desde accesos individuales hasta la protecci\u00f3n completa de un edificio. Su sistema modular permite adaptarse a distintos niveles de exposici\u00f3n.<\/p>\n<\/div><\/div><\/div><div class=\"fusion-layout-column fusion_builder_column fusion-builder-column-4 fusion_builder_column_1_1 1_1 fusion-flex-column\" style=\"--awb-bg-size:cover;--awb-width-large:100%;--awb-margin-top-large:0px;--awb-spacing-right-large:1.92%;--awb-margin-bottom-large:20px;--awb-spacing-left-large:1.92%;--awb-width-medium:100%;--awb-order-medium:0;--awb-spacing-right-medium:1.92%;--awb-spacing-left-medium:1.92%;--awb-width-small:100%;--awb-order-small:0;--awb-spacing-right-small:1.92%;--awb-spacing-left-small:1.92%;\" data-scroll-devices=\"small-visibility,medium-visibility,large-visibility\"><div class=\"fusion-column-wrapper fusion-column-has-shadow fusion-flex-justify-content-flex-start fusion-content-layout-column\"><div ><a class=\"fusion-button button-flat fusion-button-default-size button-custom fusion-button-default button-1 fusion-button-default-span fusion-button-default-type eole-btn-cyan\" style=\"--button_accent_color:var(--awb-color4);--button_border_color:var(--awb-color4);--button_accent_hover_color:var(--awb-color4);--button_border_hover_color:var(--awb-color4);--button_gradient_top_color:var(--awb-color3);--button_gradient_bottom_color:var(--awb-color3);--button_gradient_top_color_hover:var(--awb-custom_color_2);--button_gradient_bottom_color_hover:var(--awb-custom_color_2);--button_text_transform:none;\" target=\"_self\" href=\"#contacto\"><span class=\"fusion-button-text\">Pide presupuesto<\/span><i class=\"icon-arrow-button-white button-icon-right\" aria-hidden=\"true\"><\/i><\/a><\/div><\/div><\/div><div class=\"fusion-layout-column fusion_builder_column fusion-builder-column-5 fusion_builder_column_1_2 1_2 fusion-flex-column\" style=\"--awb-bg-size:cover;--awb-width-large:50%;--awb-margin-top-large:40px;--awb-spacing-right-large:3.84%;--awb-margin-bottom-large:0px;--awb-spacing-left-large:3.84%;--awb-width-medium:50%;--awb-order-medium:0;--awb-spacing-right-medium:3.84%;--awb-spacing-left-medium:3.84%;--awb-width-small:100%;--awb-order-small:0;--awb-spacing-right-small:1.92%;--awb-spacing-left-small:1.92%;\" data-scroll-devices=\"small-visibility,medium-visibility,large-visibility\"><div class=\"fusion-column-wrapper fusion-column-has-shadow fusion-flex-justify-content-flex-start fusion-content-layout-column\"><div class=\"fusion-image-carousel fusion-image-carousel-auto fusion-image-carousel-1 lightbox-enabled awb-image-carousel-top-below-caption eole-image-carousel-4-3 eole-image-carousel-cyan eole-image-carousel-img-border-radius\"><div class=\"awb-carousel awb-swiper awb-swiper-carousel awb-imageframe-style awb-imageframe-style-below awb-imageframe-style-1\" data-autoplay=\"no\" data-columns=\"1\" data-itemmargin=\"20\" data-itemwidth=\"180\" data-touchscroll=\"yes\" data-imagesize=\"auto\" data-scrollitems=\"1\" style=\"--awb-columns:1;--awb-column-spacing:20px;--awb-caption-title-size:var(--awb-custom_typography_3-font-size);--awb-caption-title-transform:var(--awb-custom_typography_3-text-transform);--awb-caption-title-line-height:var(--awb-custom_typography_3-line-height);--awb-caption-title-letter-spacing:var(--awb-custom_typography_3-letter-spacing);--awb-caption-text-size:var(--awb-custom_typography_3-font-size);--awb-caption-text-transform:var(--awb-custom_typography_3-text-transform);--awb-caption-text-line-height:var(--awb-custom_typography_3-line-height);--awb-caption-text-letter-spacing:var(--awb-custom_typography_3-letter-spacing);--awb-caption-title-font-family:var(--awb-custom_typography_3-font-family);--awb-caption-title-font-weight:var(--awb-custom_typography_3-font-weight);--awb-caption-title-font-style:var(--awb-custom_typography_3-font-style);--awb-caption-text-font-family:var(--awb-custom_typography_3-font-family);--awb-caption-text-font-weight:var(--awb-custom_typography_3-font-weight);--awb-caption-text-font-style:var(--awb-custom_typography_3-font-style);\"><div class=\"swiper-wrapper awb-image-carousel-wrapper fusion-flex-align-items-center\"><div class=\"swiper-slide\"><div class=\"fusion-carousel-item-wrapper\"><div class=\"fusion-image-wrapper hover-type-none\"><img decoding=\"async\" width=\"1500\" height=\"844\" src=\"https:\/\/eole.es\/wp-content\/uploads\/2025\/04\/Basel3.jpg\" class=\"attachment-full size-full\" alt=\"\" srcset=\"https:\/\/eole.es\/wp-content\/uploads\/2025\/04\/Basel3-200x113.jpg 200w, https:\/\/eole.es\/wp-content\/uploads\/2025\/04\/Basel3-300x169.jpg 300w, https:\/\/eole.es\/wp-content\/uploads\/2025\/04\/Basel3-400x225.jpg 400w, https:\/\/eole.es\/wp-content\/uploads\/2025\/04\/Basel3-600x338.jpg 600w, https:\/\/eole.es\/wp-content\/uploads\/2025\/04\/Basel3-768x432.jpg 768w, https:\/\/eole.es\/wp-content\/uploads\/2025\/04\/Basel3-800x450.jpg 800w, https:\/\/eole.es\/wp-content\/uploads\/2025\/04\/Basel3-1024x576.jpg 1024w, https:\/\/eole.es\/wp-content\/uploads\/2025\/04\/Basel3-1200x675.jpg 1200w, https:\/\/eole.es\/wp-content\/uploads\/2025\/04\/Basel3.jpg 1500w\" sizes=\"(max-width: 1500px) 100vw, 1500px\" \/><\/div><div class=\"awb-imageframe-caption-container\"><div class=\"awb-imageframe-caption\"><h2 class=\"awb-imageframe-caption-title\">Basel - T\u00fanel fluvial<\/h2><\/div><\/div><\/div><\/div><div class=\"swiper-slide\"><div class=\"fusion-carousel-item-wrapper\"><div class=\"fusion-image-wrapper hover-type-none\"><img decoding=\"async\" width=\"1920\" height=\"1080\" src=\"https:\/\/eole.es\/wp-content\/uploads\/2025\/04\/Dubai-metro-1.webp\" class=\"attachment-full size-full\" alt=\"\" srcset=\"https:\/\/eole.es\/wp-content\/uploads\/2025\/04\/Dubai-metro-1-200x113.webp 200w, https:\/\/eole.es\/wp-content\/uploads\/2025\/04\/Dubai-metro-1-300x169.webp 300w, https:\/\/eole.es\/wp-content\/uploads\/2025\/04\/Dubai-metro-1-400x225.webp 400w, https:\/\/eole.es\/wp-content\/uploads\/2025\/04\/Dubai-metro-1-600x338.webp 600w, https:\/\/eole.es\/wp-content\/uploads\/2025\/04\/Dubai-metro-1-768x432.webp 768w, https:\/\/eole.es\/wp-content\/uploads\/2025\/04\/Dubai-metro-1-800x450.webp 800w, https:\/\/eole.es\/wp-content\/uploads\/2025\/04\/Dubai-metro-1-1024x576.webp 1024w, https:\/\/eole.es\/wp-content\/uploads\/2025\/04\/Dubai-metro-1-1200x675.webp 1200w, https:\/\/eole.es\/wp-content\/uploads\/2025\/04\/Dubai-metro-1-1536x864.webp 1536w, https:\/\/eole.es\/wp-content\/uploads\/2025\/04\/Dubai-metro-1.webp 1920w\" sizes=\"(max-width: 1920px) 100vw, 1920px\" \/><\/div><div class=\"awb-imageframe-caption-container\"><div class=\"awb-imageframe-caption\"><h2 class=\"awb-imageframe-caption-title\">Metro Dubai<\/h2><\/div><\/div><\/div><\/div><div class=\"swiper-slide\"><div class=\"fusion-carousel-item-wrapper\"><div class=\"fusion-image-wrapper hover-type-none\"><img decoding=\"async\" width=\"1200\" height=\"844\" src=\"https:\/\/eole.es\/wp-content\/uploads\/2025\/01\/Aquafence-6.webp\" class=\"attachment-full size-full\" alt=\"\" srcset=\"https:\/\/eole.es\/wp-content\/uploads\/2025\/01\/Aquafence-6-200x141.webp 200w, https:\/\/eole.es\/wp-content\/uploads\/2025\/01\/Aquafence-6-300x211.webp 300w, https:\/\/eole.es\/wp-content\/uploads\/2025\/01\/Aquafence-6-400x281.webp 400w, https:\/\/eole.es\/wp-content\/uploads\/2025\/01\/Aquafence-6-600x422.webp 600w, https:\/\/eole.es\/wp-content\/uploads\/2025\/01\/Aquafence-6-768x540.webp 768w, https:\/\/eole.es\/wp-content\/uploads\/2025\/01\/Aquafence-6-800x563.webp 800w, https:\/\/eole.es\/wp-content\/uploads\/2025\/01\/Aquafence-6-1024x720.webp 1024w, https:\/\/eole.es\/wp-content\/uploads\/2025\/01\/Aquafence-6.webp 1200w\" sizes=\"(max-width: 1200px) 100vw, 1200px\" \/><\/div><div class=\"awb-imageframe-caption-container\"><div class=\"awb-imageframe-caption\"><h2 class=\"awb-imageframe-caption-title\"> Hospital General de Tampa<\/h2><\/div><\/div><\/div><\/div><div class=\"swiper-slide\"><div class=\"fusion-carousel-item-wrapper\"><div class=\"fusion-image-wrapper hover-type-none\"><img decoding=\"async\" width=\"1200\" height=\"844\" src=\"https:\/\/eole.es\/wp-content\/uploads\/2025\/01\/Aquafence-3.webp\" class=\"attachment-full size-full\" alt=\"\" srcset=\"https:\/\/eole.es\/wp-content\/uploads\/2025\/01\/Aquafence-3-200x141.webp 200w, https:\/\/eole.es\/wp-content\/uploads\/2025\/01\/Aquafence-3-300x211.webp 300w, https:\/\/eole.es\/wp-content\/uploads\/2025\/01\/Aquafence-3-400x281.webp 400w, https:\/\/eole.es\/wp-content\/uploads\/2025\/01\/Aquafence-3-600x422.webp 600w, https:\/\/eole.es\/wp-content\/uploads\/2025\/01\/Aquafence-3-768x540.webp 768w, https:\/\/eole.es\/wp-content\/uploads\/2025\/01\/Aquafence-3-800x563.webp 800w, https:\/\/eole.es\/wp-content\/uploads\/2025\/01\/Aquafence-3-1024x720.webp 1024w, https:\/\/eole.es\/wp-content\/uploads\/2025\/01\/Aquafence-3.webp 1200w\" sizes=\"(max-width: 1200px) 100vw, 1200px\" \/><\/div><div class=\"awb-imageframe-caption-container\"><div class=\"awb-imageframe-caption\"><h2 class=\"awb-imageframe-caption-title\"> Empresas Alfred Sanzari<\/h2><\/div><\/div><\/div><\/div><div class=\"swiper-slide\"><div class=\"fusion-carousel-item-wrapper\"><div class=\"fusion-image-wrapper hover-type-none\"><img decoding=\"async\" width=\"1200\" height=\"844\" src=\"https:\/\/eole.es\/wp-content\/uploads\/2025\/01\/Aquafence-2.webp\" class=\"attachment-full size-full\" alt=\"\" srcset=\"https:\/\/eole.es\/wp-content\/uploads\/2025\/01\/Aquafence-2-200x141.webp 200w, https:\/\/eole.es\/wp-content\/uploads\/2025\/01\/Aquafence-2-300x211.webp 300w, https:\/\/eole.es\/wp-content\/uploads\/2025\/01\/Aquafence-2-400x281.webp 400w, https:\/\/eole.es\/wp-content\/uploads\/2025\/01\/Aquafence-2-600x422.webp 600w, https:\/\/eole.es\/wp-content\/uploads\/2025\/01\/Aquafence-2-768x540.webp 768w, https:\/\/eole.es\/wp-content\/uploads\/2025\/01\/Aquafence-2-800x563.webp 800w, https:\/\/eole.es\/wp-content\/uploads\/2025\/01\/Aquafence-2-1024x720.webp 1024w, https:\/\/eole.es\/wp-content\/uploads\/2025\/01\/Aquafence-2.webp 1200w\" sizes=\"(max-width: 1200px) 100vw, 1200px\" \/><\/div><div class=\"awb-imageframe-caption-container\"><div class=\"awb-imageframe-caption\"><h2 class=\"awb-imageframe-caption-title\">Galveston<\/h2><\/div><\/div><\/div><\/div><\/div><div class=\"awb-swiper-button awb-swiper-button-prev\"><i class=\"awb-icon-angle-left\" aria-hidden=\"true\"><\/i><\/div><div class=\"awb-swiper-button awb-swiper-button-next\"><i class=\"awb-icon-angle-right\" aria-hidden=\"true\"><\/i><\/div><\/div><\/div><\/div><\/div><div class=\"fusion-layout-column fusion_builder_column fusion-builder-column-6 fusion_builder_column_1_2 1_2 fusion-flex-column eole-border-radius-video\" style=\"--awb-bg-size:cover;--awb-width-large:50%;--awb-margin-top-large:50px;--awb-spacing-right-large:3.84%;--awb-margin-bottom-large:0px;--awb-spacing-left-large:3.84%;--awb-width-medium:50%;--awb-order-medium:0;--awb-spacing-right-medium:3.84%;--awb-spacing-left-medium:3.84%;--awb-width-small:100%;--awb-order-small:0;--awb-margin-top-small:20px;--awb-spacing-right-small:1.92%;--awb-spacing-left-small:1.92%;\" data-scroll-devices=\"small-visibility,medium-visibility,large-visibility\"><div class=\"fusion-column-wrapper fusion-column-has-shadow fusion-flex-justify-content-flex-start fusion-content-layout-column\">\n<div style=\"padding: 56.25% 0 0 0; position: relative;\"><iframe style=\"position: absolute; top: 0; left: 0; width: 100%; height: 100%;\" title=\"Egress - Garage\" src=\"https:\/\/player.vimeo.com\/video\/944847329?badge=0&autopause=0&player_id=0&app_id=58479\" frameborder=\"0\"><\/iframe><\/div>\n<p><script src=\"https:\/\/player.vimeo.com\/api\/player.js\"><\/script><div class=\"fusion-text fusion-text-3\" style=\"--awb-font-size:var(--awb-custom_typography_3-font-size);--awb-line-height:var(--awb-custom_typography_3-line-height);--awb-letter-spacing:var(--awb-custom_typography_3-letter-spacing);--awb-text-transform:var(--awb-custom_typography_3-text-transform);--awb-text-color:var(--awb-color8);--awb-margin-top:20px;--awb-text-font-family:var(--awb-custom_typography_3-font-family);--awb-text-font-weight:var(--awb-custom_typography_3-font-weight);--awb-text-font-style:var(--awb-custom_typography_3-font-style);\"><p>Las barreras Aquafence Floodwall se instalan r\u00e1pidamente, permitiendo mantener accesos abiertos hasta el \u00faltimo minuto y abrirlos de nuevo r\u00e1pidamente en caso de falsas alarmas<\/p>\n<\/div><\/div><\/div><\/div><\/div>\n","protected":false},"excerpt":{"rendered":"","protected":false},"author":1,"featured_media":0,"parent":0,"menu_order":0,"comment_status":"closed","ping_status":"closed","template":"100-width.php","meta":{"inline_featured_image":false,"footnotes":""},"class_list":["post-1962","page","type-page","status-publish","hentry"],"_links":{"self":[{"href":"https:\/\/eole.es\/en\/wp-json\/wp\/v2\/pages\/1962","targetHints":{"allow":["GET"]}}],"collection":[{"href":"https:\/\/eole.es\/en\/wp-json\/wp\/v2\/pages"}],"about":[{"href":"https:\/\/eole.es\/en\/wp-json\/wp\/v2\/types\/page"}],"author":[{"embeddable":true,"href":"https:\/\/eole.es\/en\/wp-json\/wp\/v2\/users\/1"}],"replies":[{"embeddable":true,"href":"https:\/\/eole.es\/en\/wp-json\/wp\/v2\/comments?post=1962"}],"version-history":[{"count":1,"href":"https:\/\/eole.es\/en\/wp-json\/wp\/v2\/pages\/1962\/revisions"}],"predecessor-version":[{"id":1966,"href":"https:\/\/eole.es\/en\/wp-json\/wp\/v2\/pages\/1962\/revisions\/1966"}],"wp:attachment":[{"href":"https:\/\/eole.es\/en\/wp-json\/wp\/v2\/media?parent=1962"}],"curies":[{"name":"wp","href":"https:\/\/api.w.org\/{rel}","templated":true}]}}